{"id":12,"date":"2023-04-21T21:04:00","date_gmt":"2023-04-21T19:04:00","guid":{"rendered":"https:\/\/dkakord.cz\/hotel\/?page_id=12"},"modified":"2025-02-10T11:10:05","modified_gmt":"2025-02-10T10:10:05","slug":"sluzby","status":"publish","type":"page","link":"https:\/\/dkakord.cz\/hotel\/sluzby\/","title":{"rendered":"Slu\u017eby"},"content":{"rendered":"<div class=\"wp-bootstrap-blocks-row row pb-5 align-items-center\">\n\t\n\n<div class=\"col-12 col-lg-4 col-xxl-5  pb-4 mb-5 position-relative\">\n\t\t\t\n\n<figure class=\"wp-block-image size-full with-yellow-box position-relative d-inline-block\"><img loading=\"lazy\" decoding=\"async\" width=\"550\" height=\"550\" src=\"https:\/\/dkakord.cz\/hotel\/wp-content\/uploads\/2023\/04\/sluzby_main.jpg\" alt=\"Slu\u017eby\" class=\"wp-image-82\" srcset=\"https:\/\/dkakord.cz\/hotel\/wp-content\/uploads\/2023\/04\/sluzby_main.jpg 550w, https:\/\/dkakord.cz\/hotel\/wp-content\/uploads\/2023\/04\/sluzby_main-300x300.jpg 300w, https:\/\/dkakord.cz\/hotel\/wp-content\/uploads\/2023\/04\/sluzby_main-150x150.jpg 150w, https:\/\/dkakord.cz\/hotel\/wp-content\/uploads\/2023\/04\/sluzby_main-380x380.jpg 380w\" sizes=\"auto, (max-width: 550px) 100vw, 550px\" \/><\/figure>\n\n\t<\/div>\n\n\n\n<div class=\"col-12 col-lg-7 offset-0 offset-lg-1 offset-xxl-0 ps-xxl-5\">\n\t\t\t\n\n<div class=\"wp-block-group ms-xxl-4 ps-xxl-4\"><div class=\"wp-block-group__inner-container is-layout-flow wp-block-group-is-layout-flow\">\n<h1 class=\"wp-block-heading mt-0 mt-xxl-5 pt-xxl-4\">Nab\u00edz\u00edme kvalitn\u00ed slu\u017eby pro na\u0161e hosty<\/h1>\n\n\n\n<p>Pohodl\u00ed a spokojenost na\u0161ich host\u016f je pro n\u00e1s prioritou. Nab\u00edz\u00edme proto rozs\u00e1hl\u00e9 portfolio slu\u017eeb, kter\u00e9 na v\u00e1s v hotelu Akord \u010dekaj\u00ed.<\/p>\n\n\n\n<p>Zp\u0159\u00edjemn\u011bte si oby\u010dejn\u00fd z\u00e1\u017eitek neoby\u010dejn\u00fdm servisem.<\/p>\n\n\n<div class=\"wp-bootstrap-blocks-button\">\n\t<a\n\t\thref=\"https:\/\/dkakord.cz\/hotel\/rezervace\/\"\n\t\t\t\t\t\tclass=\"btn btn-primary\"\n\t>\n\t\tRezervace\t<\/a>\n<\/div>\n<\/div><\/div>\n\n\t<\/div>\n\n<\/div>\n\n\n\n<h2 class=\"wp-block-heading main-title\">Slu\u017eby hotelu Akord<\/h2>\n\n\n<div class=\"wp-bootstrap-blocks-row row gx-lg-5 gy-4 mt-5 seznam-sluzeb\">\n\t\n\n<div class=\"col-12 col-sm-6 col-md-6 col-lg-4 col-xl-3\">\n\t\t\t\n\n<div class=\"wp-block-media-text alignwide\" style=\"grid-template-columns:15% auto\"><figure class=\"wp-block-media-text__media\"><img loading=\"lazy\" decoding=\"async\" width=\"50\" height=\"50\" src=\"https:\/\/dkakord.cz\/hotel\/wp-content\/uploads\/2023\/04\/01.svg\" alt=\"recepce\" class=\"wp-image-96 size-full\"\/><\/figure><div class=\"wp-block-media-text__content\">\n<p>recepce v provozu<br>po 24 hodin<\/p>\n<\/div><\/div>\n\n\t<\/div>\n\n\n\n<div class=\"col-12 col-sm-6 col-md-6 col-lg-4 col-xl-3\">\n\t\t\t\n\n<div class=\"wp-block-media-text alignwide\" style=\"grid-template-columns:15% auto\"><figure class=\"wp-block-media-text__media\"><img loading=\"lazy\" decoding=\"async\" width=\"49\" height=\"40\" src=\"https:\/\/dkakord.cz\/hotel\/wp-content\/uploads\/2023\/04\/02.svg\" alt=\"wifi\" class=\"wp-image-97 size-full\"\/><\/figure><div class=\"wp-block-media-text__content\">\n<p>WiFi v cel\u00e9m hotelu ZDARMA<\/p>\n<\/div><\/div>\n\n\t<\/div>\n\n\n\n<div class=\"col-12 col-sm-6 col-md-6 col-lg-4 col-xl-3\">\n\t\t\t\n\n<div class=\"wp-block-media-text alignwide\" style=\"grid-template-columns:15% auto\"><figure class=\"wp-block-media-text__media\"><img loading=\"lazy\" decoding=\"async\" width=\"50\" height=\"50\" src=\"https:\/\/dkakord.cz\/hotel\/wp-content\/uploads\/2023\/04\/03.svg\" alt=\"parkov\u00e1n\u00ed\" class=\"wp-image-98 size-full\"\/><\/figure><div class=\"wp-block-media-text__content\">\n<p>parkov\u00e1n\u00ed p\u0159ed hotelem za poplatek, za budovou zdarma<\/p>\n<\/div><\/div>\n\n\t<\/div>\n\n\n\n<div class=\"col-12 col-sm-6 col-md-6 col-lg-4 col-xl-3\">\n\t\t\t\n\n<div class=\"wp-block-media-text alignwide\" style=\"grid-template-columns:15% auto\"><figure class=\"wp-block-media-text__media\"><img loading=\"lazy\" decoding=\"async\" width=\"50\" height=\"50\" src=\"https:\/\/dkakord.cz\/hotel\/wp-content\/uploads\/2023\/04\/04.svg\" alt=\"sn\u00eddan\u011b\" class=\"wp-image-99 size-full\"\/><\/figure><div class=\"wp-block-media-text__content\">\n<p>sn\u00eddan\u011b v cen\u011b (po-p\u00e1 od 7 do 10 hod, v\u00edkend od 8 do 10 hod)<\/p>\n<\/div><\/div>\n\n\t<\/div>\n\n\n\n<div class=\"col-12 col-sm-6 col-md-6 col-lg-4 col-xl-3\">\n\t\t\t\n\n<div class=\"wp-block-media-text alignwide\" style=\"grid-template-columns:15% auto\"><figure class=\"wp-block-media-text__media\"><img loading=\"lazy\" decoding=\"async\" width=\"50\" height=\"31\" src=\"https:\/\/dkakord.cz\/hotel\/wp-content\/uploads\/2023\/04\/05.svg\" alt=\"Restaurace\" class=\"wp-image-100 size-full\"\/><\/figure><div class=\"wp-block-media-text__content\">\n<p>restaurace Akord<\/p>\n<\/div><\/div>\n\n\t<\/div>\n\n\n\n<div class=\"col-12 col-sm-6 col-md-6 col-lg-4 col-xl-3\">\n\t\t\t\n\n<div class=\"wp-block-media-text alignwide\" style=\"grid-template-columns:15% auto\"><figure class=\"wp-block-media-text__media\"><img loading=\"lazy\" decoding=\"async\" width=\"51\" height=\"51\" src=\"https:\/\/dkakord.cz\/hotel\/wp-content\/uploads\/2023\/04\/06.svg\" alt=\"telefon\" class=\"wp-image-89 size-full\"\/><\/figure><div class=\"wp-block-media-text__content\">\n<p>telefonick\u00fd bud\u00ed\u010dek zdarma<\/p>\n<\/div><\/div>\n\n\t<\/div>\n\n\n\n<div class=\"col-12 col-sm-6 col-md-6 col-lg-4 col-xl-3\">\n\t\t\t\n\n<div class=\"wp-block-media-text alignwide\" style=\"grid-template-columns:15% auto\"><figure class=\"wp-block-media-text__media\"><img loading=\"lazy\" decoding=\"async\" width=\"40\" height=\"48\" src=\"https:\/\/dkakord.cz\/hotel\/wp-content\/uploads\/2023\/04\/07.svg\" alt=\"kop\u00edrov\u00e1n\u00ed\" class=\"wp-image-90 size-full\"\/><\/figure><div class=\"wp-block-media-text__content\">\n<p>kop\u00edrov\u00e1n\u00ed dokument\u016f<br>v cen\u011b<\/p>\n<\/div><\/div>\n\n\t<\/div>\n\n\n\n<div class=\"col-12 col-sm-6 col-md-6 col-lg-4 col-xl-3\">\n\t\t\t\n\n<div class=\"wp-block-media-text alignwide\" style=\"grid-template-columns:15% auto\"><figure class=\"wp-block-media-text__media\"><img loading=\"lazy\" decoding=\"async\" width=\"56\" height=\"56\" src=\"https:\/\/dkakord.cz\/hotel\/wp-content\/uploads\/2023\/04\/08.svg\" alt=\"kultura\" class=\"wp-image-91 size-full\"\/><\/figure><div class=\"wp-block-media-text__content\">\n<p>kulturn\u00ed a sportovn\u00ed vy\u017eit\u00ed p\u0159\u00edmo v budov\u011b kulturn\u00edho centra<\/p>\n<\/div><\/div>\n\n\t<\/div>\n\n\n\n<div class=\"col-12 col-sm-6 col-md-6 col-lg-4 col-xl-3\">\n\t\t\t\n\n<div class=\"wp-block-media-text alignwide\" style=\"grid-template-columns:15% auto\"><figure class=\"wp-block-media-text__media\"><img loading=\"lazy\" decoding=\"async\" width=\"49\" height=\"49\" src=\"https:\/\/dkakord.cz\/hotel\/wp-content\/uploads\/2023\/04\/09.svg\" alt=\"bezbari\u00e9rov\u00fd\" class=\"wp-image-92 size-full\"\/><\/figure><div class=\"wp-block-media-text__content\">\n<p>bezbari\u00e9rov\u00fd p\u0159\u00edstup po cel\u00e9 budov\u011b<\/p>\n<\/div><\/div>\n\n\t<\/div>\n\n\n\n<div class=\"col-12 col-sm-6 col-md-6 col-lg-4 col-xl-3\">\n\t\t\t\n\n<div class=\"wp-block-media-text alignwide\" style=\"grid-template-columns:15% auto\"><figure class=\"wp-block-media-text__media\"><img loading=\"lazy\" decoding=\"async\" width=\"50\" height=\"55\" src=\"https:\/\/dkakord.cz\/hotel\/wp-content\/uploads\/2023\/04\/10.svg\" alt=\"letn\u00ed zahrada\" class=\"wp-image-93 size-full\"\/><\/figure><div class=\"wp-block-media-text__content\">\n<p>letn\u00ed zahrada za budovou Akord<\/p>\n<\/div><\/div>\n\n\t<\/div>\n\n\n\n<div class=\"col-12 col-sm-6 col-md-6 col-lg-4 col-xl-3\">\n\t\t\t\n\n<div class=\"wp-block-media-text alignwide\" style=\"grid-template-columns:15% auto\"><figure class=\"wp-block-media-text__media\"><img loading=\"lazy\" decoding=\"async\" width=\"50\" height=\"50\" src=\"https:\/\/dkakord.cz\/hotel\/wp-content\/uploads\/2023\/04\/11.svg\" alt=\"pokoje\" class=\"wp-image-94 size-full\"\/><\/figure><div class=\"wp-block-media-text__content\">\n<p>pokoje jsou vybaveny klimatizac\u00ed<\/p>\n<\/div><\/div>\n\n\t<\/div>\n\n\n\n<div class=\"col-12 col-sm-6 col-md-6 col-lg-4 col-xl-3\">\n\t\t\t\n\n<div class=\"wp-block-media-text alignwide\" style=\"grid-template-columns:15% auto\"><figure class=\"wp-block-media-text__media\"><img loading=\"lazy\" decoding=\"async\" width=\"50\" height=\"50\" src=\"https:\/\/dkakord.cz\/hotel\/wp-content\/uploads\/2023\/04\/12.svg\" alt=\"prost\u0159ed\u00ed\" class=\"wp-image-95 size-full\"\/><\/figure><div class=\"wp-block-media-text__content\">\n<p>modern\u00ed a p\u0159\u00edjemn\u00e9 prost\u0159ed\u00ed<\/p>\n<\/div><\/div>\n\n\t<\/div>\n\n<\/div>\n","protected":false},"excerpt":{"rendered":"<p>Slu\u017eby hotelu Akord<\/p>\n","protected":false},"author":2,"featured_media":0,"parent":0,"menu_order":0,"comment_status":"closed","ping_status":"closed","template":"","meta":{"inline_featured_image":false,"footnotes":""},"class_list":["post-12","page","type-page","status-publish","hentry"],"acf":[],"yoast_head":"<!-- This site is optimized with the Yoast SEO plugin v23.9 - https:\/\/yoast.com\/wordpress\/plugins\/seo\/ -->\n<title>Slu\u017eby - Hotel Akord<\/title>\n<meta name=\"robots\" content=\"index, follow, max-snippet:-1, max-image-preview:large, max-video-preview:-1\" \/>\n<link rel=\"canonical\" href=\"https:\/\/dkakord.cz\/hotel\/sluzby\/\" \/>\n<meta property=\"og:locale\" content=\"cs_CZ\" \/>\n<meta property=\"og:type\" content=\"article\" \/>\n<meta property=\"og:title\" content=\"Slu\u017eby - Hotel Akord\" \/>\n<meta property=\"og:description\" content=\"Slu\u017eby hotelu Akord\" \/>\n<meta property=\"og:url\" content=\"https:\/\/dkakord.cz\/hotel\/sluzby\/\" \/>\n<meta property=\"og:site_name\" content=\"Hotel Akord\" \/>\n<meta property=\"article:modified_time\" content=\"2025-02-10T10:10:05+00:00\" \/>\n<meta property=\"og:image\" content=\"https:\/\/dkakord.cz\/hotel\/wp-content\/uploads\/2023\/04\/sluzby_main.jpg\" \/>\n\t<meta property=\"og:image:width\" content=\"550\" \/>\n\t<meta property=\"og:image:height\" content=\"550\" \/>\n\t<meta property=\"og:image:type\" content=\"image\/jpeg\" \/>\n<meta name=\"twitter:card\" content=\"summary_large_image\" \/>\n<meta name=\"twitter:label1\" content=\"Odhadovan\u00e1 doba \u010dten\u00ed\" \/>\n\t<meta name=\"twitter:data1\" content=\"4 minuty\" \/>\n<script type=\"application\/ld+json\" class=\"yoast-schema-graph\">{\"@context\":\"https:\/\/schema.org\",\"@graph\":[{\"@type\":\"WebPage\",\"@id\":\"https:\/\/dkakord.cz\/hotel\/sluzby\/\",\"url\":\"https:\/\/dkakord.cz\/hotel\/sluzby\/\",\"name\":\"Slu\u017eby - Hotel Akord\",\"isPartOf\":{\"@id\":\"https:\/\/dkakord.cz\/hotel\/#website\"},\"primaryImageOfPage\":{\"@id\":\"https:\/\/dkakord.cz\/hotel\/sluzby\/#primaryimage\"},\"image\":{\"@id\":\"https:\/\/dkakord.cz\/hotel\/sluzby\/#primaryimage\"},\"thumbnailUrl\":\"https:\/\/dkakord.cz\/hotel\/wp-content\/uploads\/2023\/04\/sluzby_main.jpg\",\"datePublished\":\"2023-04-21T19:04:00+00:00\",\"dateModified\":\"2025-02-10T10:10:05+00:00\",\"breadcrumb\":{\"@id\":\"https:\/\/dkakord.cz\/hotel\/sluzby\/#breadcrumb\"},\"inLanguage\":\"cs\",\"potentialAction\":[{\"@type\":\"ReadAction\",\"target\":[\"https:\/\/dkakord.cz\/hotel\/sluzby\/\"]}]},{\"@type\":\"ImageObject\",\"inLanguage\":\"cs\",\"@id\":\"https:\/\/dkakord.cz\/hotel\/sluzby\/#primaryimage\",\"url\":\"https:\/\/dkakord.cz\/hotel\/wp-content\/uploads\/2023\/04\/sluzby_main.jpg\",\"contentUrl\":\"https:\/\/dkakord.cz\/hotel\/wp-content\/uploads\/2023\/04\/sluzby_main.jpg\",\"width\":550,\"height\":550,\"caption\":\"Slu\u017eby\"},{\"@type\":\"BreadcrumbList\",\"@id\":\"https:\/\/dkakord.cz\/hotel\/sluzby\/#breadcrumb\",\"itemListElement\":[{\"@type\":\"ListItem\",\"position\":1,\"name\":\"Dom\u016f\",\"item\":\"https:\/\/dkakord.cz\/hotel\/\"},{\"@type\":\"ListItem\",\"position\":2,\"name\":\"Slu\u017eby\"}]},{\"@type\":\"WebSite\",\"@id\":\"https:\/\/dkakord.cz\/hotel\/#website\",\"url\":\"https:\/\/dkakord.cz\/hotel\/\",\"name\":\"Hotel Akord\",\"description\":\"\",\"potentialAction\":[{\"@type\":\"SearchAction\",\"target\":{\"@type\":\"EntryPoint\",\"urlTemplate\":\"https:\/\/dkakord.cz\/hotel\/?s={search_term_string}\"},\"query-input\":{\"@type\":\"PropertyValueSpecification\",\"valueRequired\":true,\"valueName\":\"search_term_string\"}}],\"inLanguage\":\"cs\"}]}<\/script>\n<!-- \/ Yoast SEO plugin. -->","yoast_head_json":{"title":"Slu\u017eby - Hotel Akord","robots":{"index":"index","follow":"follow","max-snippet":"max-snippet:-1","max-image-preview":"max-image-preview:large","max-video-preview":"max-video-preview:-1"},"canonical":"https:\/\/dkakord.cz\/hotel\/sluzby\/","og_locale":"cs_CZ","og_type":"article","og_title":"Slu\u017eby - Hotel Akord","og_description":"Slu\u017eby hotelu Akord","og_url":"https:\/\/dkakord.cz\/hotel\/sluzby\/","og_site_name":"Hotel Akord","article_modified_time":"2025-02-10T10:10:05+00:00","og_image":[{"width":550,"height":550,"url":"https:\/\/dkakord.cz\/hotel\/wp-content\/uploads\/2023\/04\/sluzby_main.jpg","type":"image\/jpeg"}],"twitter_card":"summary_large_image","twitter_misc":{"Odhadovan\u00e1 doba \u010dten\u00ed":"4 minuty"},"schema":{"@context":"https:\/\/schema.org","@graph":[{"@type":"WebPage","@id":"https:\/\/dkakord.cz\/hotel\/sluzby\/","url":"https:\/\/dkakord.cz\/hotel\/sluzby\/","name":"Slu\u017eby - Hotel Akord","isPartOf":{"@id":"https:\/\/dkakord.cz\/hotel\/#website"},"primaryImageOfPage":{"@id":"https:\/\/dkakord.cz\/hotel\/sluzby\/#primaryimage"},"image":{"@id":"https:\/\/dkakord.cz\/hotel\/sluzby\/#primaryimage"},"thumbnailUrl":"https:\/\/dkakord.cz\/hotel\/wp-content\/uploads\/2023\/04\/sluzby_main.jpg","datePublished":"2023-04-21T19:04:00+00:00","dateModified":"2025-02-10T10:10:05+00:00","breadcrumb":{"@id":"https:\/\/dkakord.cz\/hotel\/sluzby\/#breadcrumb"},"inLanguage":"cs","potentialAction":[{"@type":"ReadAction","target":["https:\/\/dkakord.cz\/hotel\/sluzby\/"]}]},{"@type":"ImageObject","inLanguage":"cs","@id":"https:\/\/dkakord.cz\/hotel\/sluzby\/#primaryimage","url":"https:\/\/dkakord.cz\/hotel\/wp-content\/uploads\/2023\/04\/sluzby_main.jpg","contentUrl":"https:\/\/dkakord.cz\/hotel\/wp-content\/uploads\/2023\/04\/sluzby_main.jpg","width":550,"height":550,"caption":"Slu\u017eby"},{"@type":"BreadcrumbList","@id":"https:\/\/dkakord.cz\/hotel\/sluzby\/#breadcrumb","itemListElement":[{"@type":"ListItem","position":1,"name":"Dom\u016f","item":"https:\/\/dkakord.cz\/hotel\/"},{"@type":"ListItem","position":2,"name":"Slu\u017eby"}]},{"@type":"WebSite","@id":"https:\/\/dkakord.cz\/hotel\/#website","url":"https:\/\/dkakord.cz\/hotel\/","name":"Hotel Akord","description":"","potentialAction":[{"@type":"SearchAction","target":{"@type":"EntryPoint","urlTemplate":"https:\/\/dkakord.cz\/hotel\/?s={search_term_string}"},"query-input":{"@type":"PropertyValueSpecification","valueRequired":true,"valueName":"search_term_string"}}],"inLanguage":"cs"}]}},"_links":{"self":[{"href":"https:\/\/dkakord.cz\/hotel\/wp-json\/wp\/v2\/pages\/12","targetHints":{"allow":["GET"]}}],"collection":[{"href":"https:\/\/dkakord.cz\/hotel\/wp-json\/wp\/v2\/pages"}],"about":[{"href":"https:\/\/dkakord.cz\/hotel\/wp-json\/wp\/v2\/types\/page"}],"author":[{"embeddable":true,"href":"https:\/\/dkakord.cz\/hotel\/wp-json\/wp\/v2\/users\/2"}],"replies":[{"embeddable":true,"href":"https:\/\/dkakord.cz\/hotel\/wp-json\/wp\/v2\/comments?post=12"}],"version-history":[{"count":28,"href":"https:\/\/dkakord.cz\/hotel\/wp-json\/wp\/v2\/pages\/12\/revisions"}],"predecessor-version":[{"id":386,"href":"https:\/\/dkakord.cz\/hotel\/wp-json\/wp\/v2\/pages\/12\/revisions\/386"}],"wp:attachment":[{"href":"https:\/\/dkakord.cz\/hotel\/wp-json\/wp\/v2\/media?parent=12"}],"curies":[{"name":"wp","href":"https:\/\/api.w.org\/{rel}","templated":true}]}}