{"id":187,"date":"2023-05-17T20:47:43","date_gmt":"2023-05-17T18:47:43","guid":{"rendered":"https:\/\/dkakord.cz\/hotel\/?page_id=187"},"modified":"2023-05-17T20:47:43","modified_gmt":"2023-05-17T18:47:43","slug":"reservation","status":"publish","type":"page","link":"https:\/\/dkakord.cz\/hotel\/en\/reservation\/","title":{"rendered":"Reservation"},"content":{"rendered":"<div class=\"wp-bootstrap-blocks-row row pb-5 align-items-center\">\n\t\n\n<div class=\"col-12 col-lg-4 col-xxl-5  pb-4 mb-5 position-relative\">\n\t\t\t\n\n<figure class=\"wp-block-image size-full with-yellow-box position-relative d-inline-block\"><img loading=\"lazy\" decoding=\"async\" width=\"550\" height=\"550\" src=\"https:\/\/dkakord.cz\/hotel\/wp-content\/uploads\/2023\/04\/rezervace_main.jpg\" alt=\"Rezervace\" class=\"wp-image-146\" srcset=\"https:\/\/dkakord.cz\/hotel\/wp-content\/uploads\/2023\/04\/rezervace_main.jpg 550w, https:\/\/dkakord.cz\/hotel\/wp-content\/uploads\/2023\/04\/rezervace_main-300x300.jpg 300w, https:\/\/dkakord.cz\/hotel\/wp-content\/uploads\/2023\/04\/rezervace_main-150x150.jpg 150w, https:\/\/dkakord.cz\/hotel\/wp-content\/uploads\/2023\/04\/rezervace_main-380x380.jpg 380w\" sizes=\"auto, (max-width: 550px) 100vw, 550px\" \/><\/figure>\n\n\t<\/div>\n\n\n\n<div class=\"col-12 col-lg-7 offset-0 offset-lg-1 offset-xxl-0 ps-xxl-5\">\n\t\t\t\n\n<div class=\"wp-block-group ms-xxl-4 ps-xxl-4\"><div class=\"wp-block-group__inner-container is-layout-flow wp-block-group-is-layout-flow\">\n<h1 class=\"wp-block-heading mt-0 mt-xxl-5 pt-xxl-4\">Make a reservation for your room today<\/h1>\n\n\n\n<p>Choose from our wide range of available rooms and additional services at AKORD Hotel. With its convenient location, you can easily explore all parts of Ostrava. We pride ourselves on providing excellent service and affordable accommodation for a great stay.<\/p>\n\n\n\n<p>Choose a date, number of guests, and room. We will take care of the rest.<\/p>\n<\/div><\/div>\n\n\t<\/div>\n\n<\/div>\n\n\n\n<h2 class=\"wp-block-heading main-title\">Room reservation<\/h2>\n\n\n<p><!-- Reservation PLUS start -->\r\n          <script type=\"text\/javascript\" src=\"https:\/\/booking.previo.cz\/iframe\/\"><\/script><br \/>\r\n          <iframe loading=\"lazy\" src=\"https:\/\/booking.previo.cz\/?hotId=1802&lang=\" scrolling=\"no\" frameborder=\"0\" width=\"100%\" height=\"2000\" name=\"previo-booking-iframe\" id=\"previo-booking-iframe\" allowTransparency=\"true\"><\/iframe><br \/>\r\n          <!-- Reservation PLUS end --><\/p>\n","protected":false},"excerpt":{"rendered":"<p>Room reservation<\/p>\n","protected":false},"author":2,"featured_media":0,"parent":0,"menu_order":0,"comment_status":"closed","ping_status":"closed","template":"","meta":{"inline_featured_image":false,"footnotes":""},"class_list":["post-187","page","type-page","status-publish","hentry"],"acf":[],"yoast_head":"<!-- This site is optimized with the Yoast SEO plugin v23.9 - https:\/\/yoast.com\/wordpress\/plugins\/seo\/ -->\n<title>Reservation - Hotel Akord<\/title>\n<meta name=\"robots\" content=\"index, follow, max-snippet:-1, max-image-preview:large, max-video-preview:-1\" \/>\n<link rel=\"canonical\" href=\"https:\/\/dkakord.cz\/hotel\/en\/reservation\/\" \/>\n<meta property=\"og:locale\" content=\"cs_CZ\" \/>\n<meta property=\"og:type\" content=\"article\" \/>\n<meta property=\"og:title\" content=\"Reservation - Hotel Akord\" \/>\n<meta property=\"og:description\" content=\"Room reservation\" \/>\n<meta property=\"og:url\" content=\"https:\/\/dkakord.cz\/hotel\/en\/reservation\/\" \/>\n<meta property=\"og:site_name\" content=\"Hotel Akord\" \/>\n<meta property=\"og:image\" content=\"https:\/\/dkakord.cz\/hotel\/wp-content\/uploads\/2023\/04\/rezervace_main.jpg\" \/>\n<meta name=\"twitter:card\" content=\"summary_large_image\" \/>\n<meta name=\"twitter:label1\" content=\"Odhadovan\u00e1 doba \u010dten\u00ed\" \/>\n\t<meta name=\"twitter:data1\" content=\"1 minuta\" \/>\n<script type=\"application\/ld+json\" class=\"yoast-schema-graph\">{\"@context\":\"https:\/\/schema.org\",\"@graph\":[{\"@type\":\"WebPage\",\"@id\":\"https:\/\/dkakord.cz\/hotel\/en\/reservation\/\",\"url\":\"https:\/\/dkakord.cz\/hotel\/en\/reservation\/\",\"name\":\"Reservation - Hotel Akord\",\"isPartOf\":{\"@id\":\"https:\/\/dkakord.cz\/hotel\/#website\"},\"primaryImageOfPage\":{\"@id\":\"https:\/\/dkakord.cz\/hotel\/en\/reservation\/#primaryimage\"},\"image\":{\"@id\":\"https:\/\/dkakord.cz\/hotel\/en\/reservation\/#primaryimage\"},\"thumbnailUrl\":\"https:\/\/dkakord.cz\/hotel\/wp-content\/uploads\/2023\/04\/rezervace_main.jpg\",\"datePublished\":\"2023-05-17T18:47:43+00:00\",\"dateModified\":\"2023-05-17T18:47:43+00:00\",\"breadcrumb\":{\"@id\":\"https:\/\/dkakord.cz\/hotel\/en\/reservation\/#breadcrumb\"},\"inLanguage\":\"cs\",\"potentialAction\":[{\"@type\":\"ReadAction\",\"target\":[\"https:\/\/dkakord.cz\/hotel\/en\/reservation\/\"]}]},{\"@type\":\"ImageObject\",\"inLanguage\":\"cs\",\"@id\":\"https:\/\/dkakord.cz\/hotel\/en\/reservation\/#primaryimage\",\"url\":\"https:\/\/dkakord.cz\/hotel\/wp-content\/uploads\/2023\/04\/rezervace_main.jpg\",\"contentUrl\":\"https:\/\/dkakord.cz\/hotel\/wp-content\/uploads\/2023\/04\/rezervace_main.jpg\",\"width\":550,\"height\":550,\"caption\":\"Rezervace\"},{\"@type\":\"BreadcrumbList\",\"@id\":\"https:\/\/dkakord.cz\/hotel\/en\/reservation\/#breadcrumb\",\"itemListElement\":[{\"@type\":\"ListItem\",\"position\":1,\"name\":\"Dom\u016f\",\"item\":\"https:\/\/dkakord.cz\/hotel\/\"},{\"@type\":\"ListItem\",\"position\":2,\"name\":\"Reservation\"}]},{\"@type\":\"WebSite\",\"@id\":\"https:\/\/dkakord.cz\/hotel\/#website\",\"url\":\"https:\/\/dkakord.cz\/hotel\/\",\"name\":\"Hotel Akord\",\"description\":\"\",\"potentialAction\":[{\"@type\":\"SearchAction\",\"target\":{\"@type\":\"EntryPoint\",\"urlTemplate\":\"https:\/\/dkakord.cz\/hotel\/?s={search_term_string}\"},\"query-input\":{\"@type\":\"PropertyValueSpecification\",\"valueRequired\":true,\"valueName\":\"search_term_string\"}}],\"inLanguage\":\"cs\"}]}<\/script>\n<!-- \/ Yoast SEO plugin. -->","yoast_head_json":{"title":"Reservation - Hotel Akord","robots":{"index":"index","follow":"follow","max-snippet":"max-snippet:-1","max-image-preview":"max-image-preview:large","max-video-preview":"max-video-preview:-1"},"canonical":"https:\/\/dkakord.cz\/hotel\/en\/reservation\/","og_locale":"cs_CZ","og_type":"article","og_title":"Reservation - Hotel Akord","og_description":"Room reservation","og_url":"https:\/\/dkakord.cz\/hotel\/en\/reservation\/","og_site_name":"Hotel Akord","og_image":[{"url":"https:\/\/dkakord.cz\/hotel\/wp-content\/uploads\/2023\/04\/rezervace_main.jpg"}],"twitter_card":"summary_large_image","twitter_misc":{"Odhadovan\u00e1 doba \u010dten\u00ed":"1 minuta"},"schema":{"@context":"https:\/\/schema.org","@graph":[{"@type":"WebPage","@id":"https:\/\/dkakord.cz\/hotel\/en\/reservation\/","url":"https:\/\/dkakord.cz\/hotel\/en\/reservation\/","name":"Reservation - Hotel Akord","isPartOf":{"@id":"https:\/\/dkakord.cz\/hotel\/#website"},"primaryImageOfPage":{"@id":"https:\/\/dkakord.cz\/hotel\/en\/reservation\/#primaryimage"},"image":{"@id":"https:\/\/dkakord.cz\/hotel\/en\/reservation\/#primaryimage"},"thumbnailUrl":"https:\/\/dkakord.cz\/hotel\/wp-content\/uploads\/2023\/04\/rezervace_main.jpg","datePublished":"2023-05-17T18:47:43+00:00","dateModified":"2023-05-17T18:47:43+00:00","breadcrumb":{"@id":"https:\/\/dkakord.cz\/hotel\/en\/reservation\/#breadcrumb"},"inLanguage":"cs","potentialAction":[{"@type":"ReadAction","target":["https:\/\/dkakord.cz\/hotel\/en\/reservation\/"]}]},{"@type":"ImageObject","inLanguage":"cs","@id":"https:\/\/dkakord.cz\/hotel\/en\/reservation\/#primaryimage","url":"https:\/\/dkakord.cz\/hotel\/wp-content\/uploads\/2023\/04\/rezervace_main.jpg","contentUrl":"https:\/\/dkakord.cz\/hotel\/wp-content\/uploads\/2023\/04\/rezervace_main.jpg","width":550,"height":550,"caption":"Rezervace"},{"@type":"BreadcrumbList","@id":"https:\/\/dkakord.cz\/hotel\/en\/reservation\/#breadcrumb","itemListElement":[{"@type":"ListItem","position":1,"name":"Dom\u016f","item":"https:\/\/dkakord.cz\/hotel\/"},{"@type":"ListItem","position":2,"name":"Reservation"}]},{"@type":"WebSite","@id":"https:\/\/dkakord.cz\/hotel\/#website","url":"https:\/\/dkakord.cz\/hotel\/","name":"Hotel Akord","description":"","potentialAction":[{"@type":"SearchAction","target":{"@type":"EntryPoint","urlTemplate":"https:\/\/dkakord.cz\/hotel\/?s={search_term_string}"},"query-input":{"@type":"PropertyValueSpecification","valueRequired":true,"valueName":"search_term_string"}}],"inLanguage":"cs"}]}},"_links":{"self":[{"href":"https:\/\/dkakord.cz\/hotel\/wp-json\/wp\/v2\/pages\/187","targetHints":{"allow":["GET"]}}],"collection":[{"href":"https:\/\/dkakord.cz\/hotel\/wp-json\/wp\/v2\/pages"}],"about":[{"href":"https:\/\/dkakord.cz\/hotel\/wp-json\/wp\/v2\/types\/page"}],"author":[{"embeddable":true,"href":"https:\/\/dkakord.cz\/hotel\/wp-json\/wp\/v2\/users\/2"}],"replies":[{"embeddable":true,"href":"https:\/\/dkakord.cz\/hotel\/wp-json\/wp\/v2\/comments?post=187"}],"version-history":[{"count":1,"href":"https:\/\/dkakord.cz\/hotel\/wp-json\/wp\/v2\/pages\/187\/revisions"}],"predecessor-version":[{"id":188,"href":"https:\/\/dkakord.cz\/hotel\/wp-json\/wp\/v2\/pages\/187\/revisions\/188"}],"wp:attachment":[{"href":"https:\/\/dkakord.cz\/hotel\/wp-json\/wp\/v2\/media?parent=187"}],"curies":[{"name":"wp","href":"https:\/\/api.w.org\/{rel}","templated":true}]}}