{"id":189,"date":"2023-05-17T20:53:14","date_gmt":"2023-05-17T18:53:14","guid":{"rendered":"https:\/\/dkakord.cz\/hotel\/?page_id=189"},"modified":"2025-09-03T09:47:59","modified_gmt":"2025-09-03T07:47:59","slug":"price-list","status":"publish","type":"page","link":"https:\/\/dkakord.cz\/hotel\/en\/price-list\/","title":{"rendered":"Price list"},"content":{"rendered":"<div class=\"wp-bootstrap-blocks-row row pb-5 align-items-center\">\n\t\n\n<div class=\"col-12 col-lg-4 col-xxl-5  pb-4 mb-5 position-relative\">\n\t\t\t\n\n<figure class=\"wp-block-image size-large with-yellow-box position-relative d-inline-block\"><img loading=\"lazy\" decoding=\"async\" width=\"1024\" height=\"1024\" src=\"https:\/\/dkakord.cz\/hotel\/wp-content\/uploads\/2023\/09\/DSC02477-scaled-e1694160214788-1024x1024.jpg\" alt=\"\" class=\"wp-image-307\" srcset=\"https:\/\/dkakord.cz\/hotel\/wp-content\/uploads\/2023\/09\/DSC02477-scaled-e1694160214788-1024x1024.jpg 1024w, https:\/\/dkakord.cz\/hotel\/wp-content\/uploads\/2023\/09\/DSC02477-scaled-e1694160214788-300x300.jpg 300w, https:\/\/dkakord.cz\/hotel\/wp-content\/uploads\/2023\/09\/DSC02477-scaled-e1694160214788-150x150.jpg 150w, https:\/\/dkakord.cz\/hotel\/wp-content\/uploads\/2023\/09\/DSC02477-scaled-e1694160214788-768x768.jpg 768w, https:\/\/dkakord.cz\/hotel\/wp-content\/uploads\/2023\/09\/DSC02477-scaled-e1694160214788-380x380.jpg 380w, https:\/\/dkakord.cz\/hotel\/wp-content\/uploads\/2023\/09\/DSC02477-scaled-e1694160214788-550x550.jpg 550w, https:\/\/dkakord.cz\/hotel\/wp-content\/uploads\/2023\/09\/DSC02477-scaled-e1694160214788-693x693.jpg 693w, https:\/\/dkakord.cz\/hotel\/wp-content\/uploads\/2023\/09\/DSC02477-scaled-e1694160214788.jpg 1518w\" sizes=\"auto, (max-width: 1024px) 100vw, 1024px\" \/><\/figure>\n\n\t<\/div>\n\n\n\n<div class=\"col-12 col-lg-7 offset-0 offset-lg-1 offset-xxl-0 ps-xxl-5\">\n\t\t\t\n\n<div class=\"wp-block-group ms-xxl-4 ps-xxl-4\"><div class=\"wp-block-group__inner-container is-layout-flow wp-block-group-is-layout-flow\">\n<h1 class=\"wp-block-heading mt-0 mt-xxl-5 pt-xxl-4\">Prices of accommodation<\/h1>\n\n\n\n<p>Our accommodation prices include Wi-Fi, city charge, and breakfast. Breakfast is served from 7 am to 10 am on weekdays and from 8 am to 10 am on weekends. To make a reservation, you can contact us by phone at +420 596 762 511 or send us an email at info@dk-akord.cz. We are here to assist you in securing your reservation and ensuring a pleasant stay.<\/p>\n\n\n\n<p>In case you arrive as a family and prefer to stay in one room with your kids, we can accommodate your request, without entitlement to a bed. Please note that the maximum age for kids staying in the same room is 10 years old. For kids aged 3 to 10 years old we will charge a fee of 200 CZK per night. Kids above the age of 11 must have a separate room.<\/p>\n<\/div><\/div>\n\n\t<\/div>\n\n<\/div>\n\n\n<div class=\"wp-bootstrap-blocks-row row gx-xl-5\">\n\t\n\n<div class=\"col-12 col-lg-6 mb-4\">\n\t\t\t\n\n<h2 class=\"wp-block-heading\">Room prices per one night, including breakfast and VAT in normal period:<\/h2>\n\n\n\n<ul class=\"wp-block-list\">\n<li>Single room \u2013 1&nbsp;390 CZK<\/li>\n\n\n\n<li>Single room with shared bathroom \u2013 1&nbsp;290 CZK<\/li>\n\n\n\n<li>Double room occupied by 1 person \u2013 1&nbsp;590 CZK<\/li>\n\n\n\n<li>Double room with separated beds \u2013 1&nbsp;890 CZK<\/li>\n\n\n\n<li>Double room with connected beds \u2013 1&nbsp;890 CZK<\/li>\n<\/ul>\n\n\t<\/div>\n\n\n\n<div class=\"col-12 col-lg-6 mb-4\">\n\t\t\t\n\n<h2 class=\"wp-block-heading\">Room prices per one night, including VAT and breakfast in a busy term:<\/h2>\n\n\n\n<ul class=\"wp-block-list\">\n<li>Single room \u2013 1&nbsp;890 CZK<\/li>\n\n\n\n<li>Single room with shared bathroom \u2013 1&nbsp;790 CZK<\/li>\n\n\n\n<li>Double room occupied with one person \u2013 2 090 CZK<\/li>\n\n\n\n<li>Double room with separated beds \u2013 2&nbsp;490 CZK<\/li>\n\n\n\n<li>Double room with connected beds \u2013 2&nbsp;490 CZK<\/li>\n<\/ul>\n\n\t<\/div>\n\n<\/div>\n\n\n\n<h2 class=\"wp-block-heading\">Accepted payment:<\/h2>\n\n\n\n<ul class=\"wp-block-list\">\n<li>in cash (only in Czech Koruna &#8211; CZK)<\/li>\n\n\n\n<li>by card<\/li>\n<\/ul>\n\n\n\n<p><strong>Please note that Akord Hotel reserves the right to change the accommodation price.<\/strong><\/p>\n","protected":false},"excerpt":{"rendered":"<p>Accepted payment: Please note that Akord Hotel reserves the right to change the accommodation price.<\/p>\n","protected":false},"author":2,"featured_media":0,"parent":0,"menu_order":0,"comment_status":"closed","ping_status":"closed","template":"","meta":{"inline_featured_image":false,"footnotes":""},"class_list":["post-189","page","type-page","status-publish","hentry"],"acf":[],"yoast_head":"<!-- This site is optimized with the Yoast SEO plugin v23.9 - https:\/\/yoast.com\/wordpress\/plugins\/seo\/ -->\n<title>Price list - Hotel Akord<\/title>\n<meta name=\"robots\" content=\"index, follow, max-snippet:-1, max-image-preview:large, max-video-preview:-1\" \/>\n<link rel=\"canonical\" href=\"https:\/\/dkakord.cz\/hotel\/en\/price-list\/\" \/>\n<meta property=\"og:locale\" content=\"cs_CZ\" \/>\n<meta property=\"og:type\" content=\"article\" \/>\n<meta property=\"og:title\" content=\"Price list - Hotel Akord\" \/>\n<meta property=\"og:description\" content=\"Accepted payment: Please note that Akord Hotel reserves the right to change the accommodation price.\" \/>\n<meta property=\"og:url\" content=\"https:\/\/dkakord.cz\/hotel\/en\/price-list\/\" \/>\n<meta property=\"og:site_name\" content=\"Hotel Akord\" \/>\n<meta property=\"article:modified_time\" content=\"2025-09-03T07:47:59+00:00\" \/>\n<meta property=\"og:image\" content=\"https:\/\/dkakord.cz\/hotel\/wp-content\/uploads\/2023\/09\/DSC02477-scaled-e1694160214788.jpg\" \/>\n\t<meta property=\"og:image:width\" content=\"1518\" \/>\n\t<meta property=\"og:image:height\" content=\"1518\" \/>\n\t<meta property=\"og:image:type\" content=\"image\/jpeg\" \/>\n<meta name=\"twitter:card\" content=\"summary_large_image\" \/>\n<meta name=\"twitter:label1\" content=\"Odhadovan\u00e1 doba \u010dten\u00ed\" \/>\n\t<meta name=\"twitter:data1\" content=\"2 minuty\" \/>\n<script type=\"application\/ld+json\" class=\"yoast-schema-graph\">{\"@context\":\"https:\/\/schema.org\",\"@graph\":[{\"@type\":\"WebPage\",\"@id\":\"https:\/\/dkakord.cz\/hotel\/en\/price-list\/\",\"url\":\"https:\/\/dkakord.cz\/hotel\/en\/price-list\/\",\"name\":\"Price list - Hotel Akord\",\"isPartOf\":{\"@id\":\"https:\/\/dkakord.cz\/hotel\/#website\"},\"primaryImageOfPage\":{\"@id\":\"https:\/\/dkakord.cz\/hotel\/en\/price-list\/#primaryimage\"},\"image\":{\"@id\":\"https:\/\/dkakord.cz\/hotel\/en\/price-list\/#primaryimage\"},\"thumbnailUrl\":\"https:\/\/dkakord.cz\/hotel\/wp-content\/uploads\/2023\/09\/DSC02477-scaled-e1694160214788-1024x1024.jpg\",\"datePublished\":\"2023-05-17T18:53:14+00:00\",\"dateModified\":\"2025-09-03T07:47:59+00:00\",\"breadcrumb\":{\"@id\":\"https:\/\/dkakord.cz\/hotel\/en\/price-list\/#breadcrumb\"},\"inLanguage\":\"cs\",\"potentialAction\":[{\"@type\":\"ReadAction\",\"target\":[\"https:\/\/dkakord.cz\/hotel\/en\/price-list\/\"]}]},{\"@type\":\"ImageObject\",\"inLanguage\":\"cs\",\"@id\":\"https:\/\/dkakord.cz\/hotel\/en\/price-list\/#primaryimage\",\"url\":\"https:\/\/dkakord.cz\/hotel\/wp-content\/uploads\/2023\/09\/DSC02477-scaled-e1694160214788.jpg\",\"contentUrl\":\"https:\/\/dkakord.cz\/hotel\/wp-content\/uploads\/2023\/09\/DSC02477-scaled-e1694160214788.jpg\",\"width\":1518,\"height\":1518},{\"@type\":\"BreadcrumbList\",\"@id\":\"https:\/\/dkakord.cz\/hotel\/en\/price-list\/#breadcrumb\",\"itemListElement\":[{\"@type\":\"ListItem\",\"position\":1,\"name\":\"Dom\u016f\",\"item\":\"https:\/\/dkakord.cz\/hotel\/\"},{\"@type\":\"ListItem\",\"position\":2,\"name\":\"Price list\"}]},{\"@type\":\"WebSite\",\"@id\":\"https:\/\/dkakord.cz\/hotel\/#website\",\"url\":\"https:\/\/dkakord.cz\/hotel\/\",\"name\":\"Hotel Akord\",\"description\":\"\",\"potentialAction\":[{\"@type\":\"SearchAction\",\"target\":{\"@type\":\"EntryPoint\",\"urlTemplate\":\"https:\/\/dkakord.cz\/hotel\/?s={search_term_string}\"},\"query-input\":{\"@type\":\"PropertyValueSpecification\",\"valueRequired\":true,\"valueName\":\"search_term_string\"}}],\"inLanguage\":\"cs\"}]}<\/script>\n<!-- \/ Yoast SEO plugin. -->","yoast_head_json":{"title":"Price list - Hotel Akord","robots":{"index":"index","follow":"follow","max-snippet":"max-snippet:-1","max-image-preview":"max-image-preview:large","max-video-preview":"max-video-preview:-1"},"canonical":"https:\/\/dkakord.cz\/hotel\/en\/price-list\/","og_locale":"cs_CZ","og_type":"article","og_title":"Price list - Hotel Akord","og_description":"Accepted payment: Please note that Akord Hotel reserves the right to change the accommodation price.","og_url":"https:\/\/dkakord.cz\/hotel\/en\/price-list\/","og_site_name":"Hotel Akord","article_modified_time":"2025-09-03T07:47:59+00:00","og_image":[{"width":1518,"height":1518,"url":"https:\/\/dkakord.cz\/hotel\/wp-content\/uploads\/2023\/09\/DSC02477-scaled-e1694160214788.jpg","type":"image\/jpeg"}],"twitter_card":"summary_large_image","twitter_misc":{"Odhadovan\u00e1 doba \u010dten\u00ed":"2 minuty"},"schema":{"@context":"https:\/\/schema.org","@graph":[{"@type":"WebPage","@id":"https:\/\/dkakord.cz\/hotel\/en\/price-list\/","url":"https:\/\/dkakord.cz\/hotel\/en\/price-list\/","name":"Price list - Hotel Akord","isPartOf":{"@id":"https:\/\/dkakord.cz\/hotel\/#website"},"primaryImageOfPage":{"@id":"https:\/\/dkakord.cz\/hotel\/en\/price-list\/#primaryimage"},"image":{"@id":"https:\/\/dkakord.cz\/hotel\/en\/price-list\/#primaryimage"},"thumbnailUrl":"https:\/\/dkakord.cz\/hotel\/wp-content\/uploads\/2023\/09\/DSC02477-scaled-e1694160214788-1024x1024.jpg","datePublished":"2023-05-17T18:53:14+00:00","dateModified":"2025-09-03T07:47:59+00:00","breadcrumb":{"@id":"https:\/\/dkakord.cz\/hotel\/en\/price-list\/#breadcrumb"},"inLanguage":"cs","potentialAction":[{"@type":"ReadAction","target":["https:\/\/dkakord.cz\/hotel\/en\/price-list\/"]}]},{"@type":"ImageObject","inLanguage":"cs","@id":"https:\/\/dkakord.cz\/hotel\/en\/price-list\/#primaryimage","url":"https:\/\/dkakord.cz\/hotel\/wp-content\/uploads\/2023\/09\/DSC02477-scaled-e1694160214788.jpg","contentUrl":"https:\/\/dkakord.cz\/hotel\/wp-content\/uploads\/2023\/09\/DSC02477-scaled-e1694160214788.jpg","width":1518,"height":1518},{"@type":"BreadcrumbList","@id":"https:\/\/dkakord.cz\/hotel\/en\/price-list\/#breadcrumb","itemListElement":[{"@type":"ListItem","position":1,"name":"Dom\u016f","item":"https:\/\/dkakord.cz\/hotel\/"},{"@type":"ListItem","position":2,"name":"Price list"}]},{"@type":"WebSite","@id":"https:\/\/dkakord.cz\/hotel\/#website","url":"https:\/\/dkakord.cz\/hotel\/","name":"Hotel Akord","description":"","potentialAction":[{"@type":"SearchAction","target":{"@type":"EntryPoint","urlTemplate":"https:\/\/dkakord.cz\/hotel\/?s={search_term_string}"},"query-input":{"@type":"PropertyValueSpecification","valueRequired":true,"valueName":"search_term_string"}}],"inLanguage":"cs"}]}},"_links":{"self":[{"href":"https:\/\/dkakord.cz\/hotel\/wp-json\/wp\/v2\/pages\/189","targetHints":{"allow":["GET"]}}],"collection":[{"href":"https:\/\/dkakord.cz\/hotel\/wp-json\/wp\/v2\/pages"}],"about":[{"href":"https:\/\/dkakord.cz\/hotel\/wp-json\/wp\/v2\/types\/page"}],"author":[{"embeddable":true,"href":"https:\/\/dkakord.cz\/hotel\/wp-json\/wp\/v2\/users\/2"}],"replies":[{"embeddable":true,"href":"https:\/\/dkakord.cz\/hotel\/wp-json\/wp\/v2\/comments?post=189"}],"version-history":[{"count":9,"href":"https:\/\/dkakord.cz\/hotel\/wp-json\/wp\/v2\/pages\/189\/revisions"}],"predecessor-version":[{"id":408,"href":"https:\/\/dkakord.cz\/hotel\/wp-json\/wp\/v2\/pages\/189\/revisions\/408"}],"wp:attachment":[{"href":"https:\/\/dkakord.cz\/hotel\/wp-json\/wp\/v2\/media?parent=189"}],"curies":[{"name":"wp","href":"https:\/\/api.w.org\/{rel}","templated":true}]}}