{"id":39,"date":"2023-04-21T21:36:39","date_gmt":"2023-04-21T19:36:39","guid":{"rendered":"https:\/\/dkakord.cz\/hotel\/?page_id=39"},"modified":"2025-10-08T13:38:57","modified_gmt":"2025-10-08T11:38:57","slug":"navstevni-rad","status":"publish","type":"page","link":"https:\/\/dkakord.cz\/hotel\/navstevni-rad\/","title":{"rendered":"Podm\u00ednky ubytov\u00e1n\u00ed"},"content":{"rendered":"\n<div class=\"wp-block-group\"><div class=\"wp-block-group__inner-container is-layout-constrained wp-block-group-is-layout-constrained\">\n<p><a href=\"https:\/\/dkakord.cz\/hotel\/wp-content\/uploads\/2025\/10\/2_Provozni-rad-pro-ubytovaci-sluzby-a-storno-podminky.pdf\">Provozn\u00ed \u0159\u00e1d pro ubytovac\u00ed slu\u017eby a storno podm\u00ednky<\/a><\/p>\n\n\n\n<p><a href=\"https:\/\/dkakord.cz\/hotel\/wp-content\/uploads\/2025\/10\/3_Priloha-provozniho-radu-pro-ubytovaci-sluzby.pdf\">P\u0159\u00edloha provozn\u00edho \u0159\u00e1du pro ubytovac\u00ed slu\u017eby<\/a><\/p>\n\n\n\n<p><a href=\"https:\/\/dkakord.cz\/hotel\/wp-content\/uploads\/2025\/10\/4_Vseobecne-smluvni-podminky.pdf\">V\u0161eobecn\u00e9 smluvn\u00ed podm\u00ednky<\/a><\/p>\n<\/div><\/div>\n\n\n\n<div class=\"wp-block-group\"><div class=\"wp-block-group__inner-container is-layout-constrained wp-block-group-is-layout-constrained\">\n<div style=\"height:20px\" aria-hidden=\"true\" class=\"wp-block-spacer\"><\/div>\n\n\n\n<p>V\u0161echny dokumenty jsou na vy\u017e\u00e1d\u00e1n\u00ed dostupn\u00e9 na recepci hotelu.<\/p>\n<\/div><\/div>\n","protected":false},"excerpt":{"rendered":"<p>Provozn\u00ed \u0159\u00e1d pro ubytovac\u00ed slu\u017eby a storno podm\u00ednky P\u0159\u00edloha provozn\u00edho \u0159\u00e1du pro ubytovac\u00ed slu\u017eby V\u0161eobecn\u00e9 smluvn\u00ed podm\u00ednky V\u0161echny dokumenty jsou na vy\u017e\u00e1d\u00e1n\u00ed dostupn\u00e9 na recepci hotelu.<\/p>\n","protected":false},"author":2,"featured_media":0,"parent":0,"menu_order":0,"comment_status":"closed","ping_status":"closed","template":"","meta":{"inline_featured_image":false,"footnotes":""},"class_list":["post-39","page","type-page","status-publish","hentry"],"acf":[],"yoast_head":"<!-- This site is optimized with the Yoast SEO plugin v23.9 - https:\/\/yoast.com\/wordpress\/plugins\/seo\/ -->\n<title>Podm\u00ednky ubytov\u00e1n\u00ed - Hotel Akord<\/title>\n<meta name=\"robots\" content=\"index, follow, max-snippet:-1, max-image-preview:large, max-video-preview:-1\" \/>\n<link rel=\"canonical\" href=\"https:\/\/dkakord.cz\/hotel\/navstevni-rad\/\" \/>\n<meta property=\"og:locale\" content=\"cs_CZ\" \/>\n<meta property=\"og:type\" content=\"article\" \/>\n<meta property=\"og:title\" content=\"Podm\u00ednky ubytov\u00e1n\u00ed - Hotel Akord\" \/>\n<meta property=\"og:description\" content=\"Provozn\u00ed \u0159\u00e1d pro ubytovac\u00ed slu\u017eby a storno podm\u00ednky P\u0159\u00edloha provozn\u00edho \u0159\u00e1du pro ubytovac\u00ed slu\u017eby V\u0161eobecn\u00e9 smluvn\u00ed podm\u00ednky V\u0161echny dokumenty jsou na vy\u017e\u00e1d\u00e1n\u00ed dostupn\u00e9 na recepci hotelu.\" \/>\n<meta property=\"og:url\" content=\"https:\/\/dkakord.cz\/hotel\/navstevni-rad\/\" \/>\n<meta property=\"og:site_name\" content=\"Hotel Akord\" \/>\n<meta property=\"article:modified_time\" content=\"2025-10-08T11:38:57+00:00\" \/>\n<meta name=\"twitter:card\" content=\"summary_large_image\" \/>\n<meta name=\"twitter:label1\" content=\"Odhadovan\u00e1 doba \u010dten\u00ed\" \/>\n\t<meta name=\"twitter:data1\" content=\"1 minuta\" \/>\n<script type=\"application\/ld+json\" class=\"yoast-schema-graph\">{\"@context\":\"https:\/\/schema.org\",\"@graph\":[{\"@type\":\"WebPage\",\"@id\":\"https:\/\/dkakord.cz\/hotel\/navstevni-rad\/\",\"url\":\"https:\/\/dkakord.cz\/hotel\/navstevni-rad\/\",\"name\":\"Podm\u00ednky ubytov\u00e1n\u00ed - Hotel Akord\",\"isPartOf\":{\"@id\":\"https:\/\/dkakord.cz\/hotel\/#website\"},\"datePublished\":\"2023-04-21T19:36:39+00:00\",\"dateModified\":\"2025-10-08T11:38:57+00:00\",\"breadcrumb\":{\"@id\":\"https:\/\/dkakord.cz\/hotel\/navstevni-rad\/#breadcrumb\"},\"inLanguage\":\"cs\",\"potentialAction\":[{\"@type\":\"ReadAction\",\"target\":[\"https:\/\/dkakord.cz\/hotel\/navstevni-rad\/\"]}]},{\"@type\":\"BreadcrumbList\",\"@id\":\"https:\/\/dkakord.cz\/hotel\/navstevni-rad\/#breadcrumb\",\"itemListElement\":[{\"@type\":\"ListItem\",\"position\":1,\"name\":\"Dom\u016f\",\"item\":\"https:\/\/dkakord.cz\/hotel\/\"},{\"@type\":\"ListItem\",\"position\":2,\"name\":\"Podm\u00ednky ubytov\u00e1n\u00ed\"}]},{\"@type\":\"WebSite\",\"@id\":\"https:\/\/dkakord.cz\/hotel\/#website\",\"url\":\"https:\/\/dkakord.cz\/hotel\/\",\"name\":\"Hotel Akord\",\"description\":\"\",\"potentialAction\":[{\"@type\":\"SearchAction\",\"target\":{\"@type\":\"EntryPoint\",\"urlTemplate\":\"https:\/\/dkakord.cz\/hotel\/?s={search_term_string}\"},\"query-input\":{\"@type\":\"PropertyValueSpecification\",\"valueRequired\":true,\"valueName\":\"search_term_string\"}}],\"inLanguage\":\"cs\"}]}<\/script>\n<!-- \/ Yoast SEO plugin. -->","yoast_head_json":{"title":"Podm\u00ednky ubytov\u00e1n\u00ed - Hotel Akord","robots":{"index":"index","follow":"follow","max-snippet":"max-snippet:-1","max-image-preview":"max-image-preview:large","max-video-preview":"max-video-preview:-1"},"canonical":"https:\/\/dkakord.cz\/hotel\/navstevni-rad\/","og_locale":"cs_CZ","og_type":"article","og_title":"Podm\u00ednky ubytov\u00e1n\u00ed - Hotel Akord","og_description":"Provozn\u00ed \u0159\u00e1d pro ubytovac\u00ed slu\u017eby a storno podm\u00ednky P\u0159\u00edloha provozn\u00edho \u0159\u00e1du pro ubytovac\u00ed slu\u017eby V\u0161eobecn\u00e9 smluvn\u00ed podm\u00ednky V\u0161echny dokumenty jsou na vy\u017e\u00e1d\u00e1n\u00ed dostupn\u00e9 na recepci hotelu.","og_url":"https:\/\/dkakord.cz\/hotel\/navstevni-rad\/","og_site_name":"Hotel Akord","article_modified_time":"2025-10-08T11:38:57+00:00","twitter_card":"summary_large_image","twitter_misc":{"Odhadovan\u00e1 doba \u010dten\u00ed":"1 minuta"},"schema":{"@context":"https:\/\/schema.org","@graph":[{"@type":"WebPage","@id":"https:\/\/dkakord.cz\/hotel\/navstevni-rad\/","url":"https:\/\/dkakord.cz\/hotel\/navstevni-rad\/","name":"Podm\u00ednky ubytov\u00e1n\u00ed - Hotel Akord","isPartOf":{"@id":"https:\/\/dkakord.cz\/hotel\/#website"},"datePublished":"2023-04-21T19:36:39+00:00","dateModified":"2025-10-08T11:38:57+00:00","breadcrumb":{"@id":"https:\/\/dkakord.cz\/hotel\/navstevni-rad\/#breadcrumb"},"inLanguage":"cs","potentialAction":[{"@type":"ReadAction","target":["https:\/\/dkakord.cz\/hotel\/navstevni-rad\/"]}]},{"@type":"BreadcrumbList","@id":"https:\/\/dkakord.cz\/hotel\/navstevni-rad\/#breadcrumb","itemListElement":[{"@type":"ListItem","position":1,"name":"Dom\u016f","item":"https:\/\/dkakord.cz\/hotel\/"},{"@type":"ListItem","position":2,"name":"Podm\u00ednky ubytov\u00e1n\u00ed"}]},{"@type":"WebSite","@id":"https:\/\/dkakord.cz\/hotel\/#website","url":"https:\/\/dkakord.cz\/hotel\/","name":"Hotel Akord","description":"","potentialAction":[{"@type":"SearchAction","target":{"@type":"EntryPoint","urlTemplate":"https:\/\/dkakord.cz\/hotel\/?s={search_term_string}"},"query-input":{"@type":"PropertyValueSpecification","valueRequired":true,"valueName":"search_term_string"}}],"inLanguage":"cs"}]}},"_links":{"self":[{"href":"https:\/\/dkakord.cz\/hotel\/wp-json\/wp\/v2\/pages\/39","targetHints":{"allow":["GET"]}}],"collection":[{"href":"https:\/\/dkakord.cz\/hotel\/wp-json\/wp\/v2\/pages"}],"about":[{"href":"https:\/\/dkakord.cz\/hotel\/wp-json\/wp\/v2\/types\/page"}],"author":[{"embeddable":true,"href":"https:\/\/dkakord.cz\/hotel\/wp-json\/wp\/v2\/users\/2"}],"replies":[{"embeddable":true,"href":"https:\/\/dkakord.cz\/hotel\/wp-json\/wp\/v2\/comments?post=39"}],"version-history":[{"count":8,"href":"https:\/\/dkakord.cz\/hotel\/wp-json\/wp\/v2\/pages\/39\/revisions"}],"predecessor-version":[{"id":431,"href":"https:\/\/dkakord.cz\/hotel\/wp-json\/wp\/v2\/pages\/39\/revisions\/431"}],"wp:attachment":[{"href":"https:\/\/dkakord.cz\/hotel\/wp-json\/wp\/v2\/media?parent=39"}],"curies":[{"name":"wp","href":"https:\/\/api.w.org\/{rel}","templated":true}]}}