{"id":6,"date":"2023-04-21T21:03:03","date_gmt":"2023-04-21T19:03:03","guid":{"rendered":"https:\/\/dkakord.cz\/hotel\/?page_id=6"},"modified":"2023-04-28T20:39:07","modified_gmt":"2023-04-28T18:39:07","slug":"rezervace","status":"publish","type":"page","link":"https:\/\/dkakord.cz\/hotel\/rezervace\/","title":{"rendered":"Rezervace"},"content":{"rendered":"<div class=\"wp-bootstrap-blocks-row row pb-5 align-items-center\">\n\t\n\n<div class=\"col-12 col-lg-4 col-xxl-5  pb-4 mb-5 position-relative\">\n\t\t\t\n\n<figure class=\"wp-block-image size-full with-yellow-box position-relative d-inline-block\"><img loading=\"lazy\" decoding=\"async\" width=\"550\" height=\"550\" src=\"https:\/\/dkakord.cz\/hotel\/wp-content\/uploads\/2023\/04\/rezervace_main.jpg\" alt=\"Rezervace\" class=\"wp-image-146\" srcset=\"https:\/\/dkakord.cz\/hotel\/wp-content\/uploads\/2023\/04\/rezervace_main.jpg 550w, https:\/\/dkakord.cz\/hotel\/wp-content\/uploads\/2023\/04\/rezervace_main-300x300.jpg 300w, https:\/\/dkakord.cz\/hotel\/wp-content\/uploads\/2023\/04\/rezervace_main-150x150.jpg 150w, https:\/\/dkakord.cz\/hotel\/wp-content\/uploads\/2023\/04\/rezervace_main-380x380.jpg 380w\" sizes=\"auto, (max-width: 550px) 100vw, 550px\" \/><\/figure>\n\n\t<\/div>\n\n\n\n<div class=\"col-12 col-lg-7 offset-0 offset-lg-1 offset-xxl-0 ps-xxl-5\">\n\t\t\t\n\n<div class=\"wp-block-group ms-xxl-4 ps-xxl-4\"><div class=\"wp-block-group__inner-container is-layout-flow wp-block-group-is-layout-flow\">\n<h1 class=\"wp-block-heading mt-0 mt-xxl-5 pt-xxl-4\">Rezervujte si sv\u016fj pokoj je\u0161t\u011b dnes online<\/h1>\n\n\n\n<p>Vyberte si u n\u00e1s pokoj na jednu \u010di v\u00edce noc\u00ed. Hotel AKORD nab\u00edz\u00ed \u0161irokou nab\u00eddku voln\u00fdch pokoj\u016f a dodate\u010dn\u00fdch slu\u017eeb. Nav\u00edc d\u00edky sv\u00e9 poloze m\u016f\u017eete skv\u011ble objevovat z\u00e1kout\u00ed cel\u00e9 Ostravy. Nab\u00edz\u00edme skv\u011bl\u00fd servis a cenov\u011b dostupn\u00e9 ubytov\u00e1n\u00ed.<\/p>\n\n\n\n<p>Zvolte datum, po\u010det host\u016f a pokoj. O zbytek se ji\u017e postar\u00e1me.<\/p>\n<\/div><\/div>\n\n\t<\/div>\n\n<\/div>\n\n\n\n<h2 class=\"wp-block-heading main-title\">Rezervace ubytov\u00e1n\u00ed<\/h2>\n\n\n<p><!-- Reservation PLUS start -->\r\n          <script type=\"text\/javascript\" src=\"https:\/\/booking.previo.cz\/iframe\/\"><\/script><br \/>\r\n          <iframe loading=\"lazy\" src=\"https:\/\/booking.previo.cz\/?hotId=1802&lang=\" scrolling=\"no\" frameborder=\"0\" width=\"100%\" height=\"2000\" name=\"previo-booking-iframe\" id=\"previo-booking-iframe\" allowTransparency=\"true\"><\/iframe><br \/>\r\n          <!-- Reservation PLUS end --><\/p>\n","protected":false},"excerpt":{"rendered":"<p>Rezervace ubytov\u00e1n\u00ed<\/p>\n","protected":false},"author":2,"featured_media":0,"parent":0,"menu_order":0,"comment_status":"closed","ping_status":"closed","template":"","meta":{"inline_featured_image":false,"footnotes":""},"class_list":["post-6","page","type-page","status-publish","hentry"],"acf":[],"yoast_head":"<!-- This site is optimized with the Yoast SEO plugin v23.9 - https:\/\/yoast.com\/wordpress\/plugins\/seo\/ -->\n<title>Rezervace - Hotel Akord<\/title>\n<meta name=\"robots\" content=\"index, follow, max-snippet:-1, max-image-preview:large, max-video-preview:-1\" \/>\n<link rel=\"canonical\" href=\"https:\/\/dkakord.cz\/hotel\/rezervace\/\" \/>\n<meta property=\"og:locale\" content=\"cs_CZ\" \/>\n<meta property=\"og:type\" content=\"article\" \/>\n<meta property=\"og:title\" content=\"Rezervace - Hotel Akord\" \/>\n<meta property=\"og:description\" content=\"Rezervace ubytov\u00e1n\u00ed\" \/>\n<meta property=\"og:url\" content=\"https:\/\/dkakord.cz\/hotel\/rezervace\/\" \/>\n<meta property=\"og:site_name\" content=\"Hotel Akord\" \/>\n<meta property=\"article:modified_time\" content=\"2023-04-28T18:39:07+00:00\" \/>\n<meta property=\"og:image\" content=\"https:\/\/dkakord.cz\/hotel\/wp-content\/uploads\/2023\/04\/rezervace_main.jpg\" \/>\n<meta name=\"twitter:card\" content=\"summary_large_image\" \/>\n<meta name=\"twitter:label1\" content=\"Odhadovan\u00e1 doba \u010dten\u00ed\" \/>\n\t<meta name=\"twitter:data1\" content=\"1 minuta\" \/>\n<script type=\"application\/ld+json\" class=\"yoast-schema-graph\">{\"@context\":\"https:\/\/schema.org\",\"@graph\":[{\"@type\":\"WebPage\",\"@id\":\"https:\/\/dkakord.cz\/hotel\/rezervace\/\",\"url\":\"https:\/\/dkakord.cz\/hotel\/rezervace\/\",\"name\":\"Rezervace - Hotel Akord\",\"isPartOf\":{\"@id\":\"https:\/\/dkakord.cz\/hotel\/#website\"},\"primaryImageOfPage\":{\"@id\":\"https:\/\/dkakord.cz\/hotel\/rezervace\/#primaryimage\"},\"image\":{\"@id\":\"https:\/\/dkakord.cz\/hotel\/rezervace\/#primaryimage\"},\"thumbnailUrl\":\"https:\/\/dkakord.cz\/hotel\/wp-content\/uploads\/2023\/04\/rezervace_main.jpg\",\"datePublished\":\"2023-04-21T19:03:03+00:00\",\"dateModified\":\"2023-04-28T18:39:07+00:00\",\"breadcrumb\":{\"@id\":\"https:\/\/dkakord.cz\/hotel\/rezervace\/#breadcrumb\"},\"inLanguage\":\"cs\",\"potentialAction\":[{\"@type\":\"ReadAction\",\"target\":[\"https:\/\/dkakord.cz\/hotel\/rezervace\/\"]}]},{\"@type\":\"ImageObject\",\"inLanguage\":\"cs\",\"@id\":\"https:\/\/dkakord.cz\/hotel\/rezervace\/#primaryimage\",\"url\":\"https:\/\/dkakord.cz\/hotel\/wp-content\/uploads\/2023\/04\/rezervace_main.jpg\",\"contentUrl\":\"https:\/\/dkakord.cz\/hotel\/wp-content\/uploads\/2023\/04\/rezervace_main.jpg\",\"width\":550,\"height\":550,\"caption\":\"Rezervace\"},{\"@type\":\"BreadcrumbList\",\"@id\":\"https:\/\/dkakord.cz\/hotel\/rezervace\/#breadcrumb\",\"itemListElement\":[{\"@type\":\"ListItem\",\"position\":1,\"name\":\"Dom\u016f\",\"item\":\"https:\/\/dkakord.cz\/hotel\/\"},{\"@type\":\"ListItem\",\"position\":2,\"name\":\"Rezervace\"}]},{\"@type\":\"WebSite\",\"@id\":\"https:\/\/dkakord.cz\/hotel\/#website\",\"url\":\"https:\/\/dkakord.cz\/hotel\/\",\"name\":\"Hotel Akord\",\"description\":\"\",\"potentialAction\":[{\"@type\":\"SearchAction\",\"target\":{\"@type\":\"EntryPoint\",\"urlTemplate\":\"https:\/\/dkakord.cz\/hotel\/?s={search_term_string}\"},\"query-input\":{\"@type\":\"PropertyValueSpecification\",\"valueRequired\":true,\"valueName\":\"search_term_string\"}}],\"inLanguage\":\"cs\"}]}<\/script>\n<!-- \/ Yoast SEO plugin. -->","yoast_head_json":{"title":"Rezervace - Hotel Akord","robots":{"index":"index","follow":"follow","max-snippet":"max-snippet:-1","max-image-preview":"max-image-preview:large","max-video-preview":"max-video-preview:-1"},"canonical":"https:\/\/dkakord.cz\/hotel\/rezervace\/","og_locale":"cs_CZ","og_type":"article","og_title":"Rezervace - Hotel Akord","og_description":"Rezervace ubytov\u00e1n\u00ed","og_url":"https:\/\/dkakord.cz\/hotel\/rezervace\/","og_site_name":"Hotel Akord","article_modified_time":"2023-04-28T18:39:07+00:00","og_image":[{"url":"https:\/\/dkakord.cz\/hotel\/wp-content\/uploads\/2023\/04\/rezervace_main.jpg"}],"twitter_card":"summary_large_image","twitter_misc":{"Odhadovan\u00e1 doba \u010dten\u00ed":"1 minuta"},"schema":{"@context":"https:\/\/schema.org","@graph":[{"@type":"WebPage","@id":"https:\/\/dkakord.cz\/hotel\/rezervace\/","url":"https:\/\/dkakord.cz\/hotel\/rezervace\/","name":"Rezervace - Hotel Akord","isPartOf":{"@id":"https:\/\/dkakord.cz\/hotel\/#website"},"primaryImageOfPage":{"@id":"https:\/\/dkakord.cz\/hotel\/rezervace\/#primaryimage"},"image":{"@id":"https:\/\/dkakord.cz\/hotel\/rezervace\/#primaryimage"},"thumbnailUrl":"https:\/\/dkakord.cz\/hotel\/wp-content\/uploads\/2023\/04\/rezervace_main.jpg","datePublished":"2023-04-21T19:03:03+00:00","dateModified":"2023-04-28T18:39:07+00:00","breadcrumb":{"@id":"https:\/\/dkakord.cz\/hotel\/rezervace\/#breadcrumb"},"inLanguage":"cs","potentialAction":[{"@type":"ReadAction","target":["https:\/\/dkakord.cz\/hotel\/rezervace\/"]}]},{"@type":"ImageObject","inLanguage":"cs","@id":"https:\/\/dkakord.cz\/hotel\/rezervace\/#primaryimage","url":"https:\/\/dkakord.cz\/hotel\/wp-content\/uploads\/2023\/04\/rezervace_main.jpg","contentUrl":"https:\/\/dkakord.cz\/hotel\/wp-content\/uploads\/2023\/04\/rezervace_main.jpg","width":550,"height":550,"caption":"Rezervace"},{"@type":"BreadcrumbList","@id":"https:\/\/dkakord.cz\/hotel\/rezervace\/#breadcrumb","itemListElement":[{"@type":"ListItem","position":1,"name":"Dom\u016f","item":"https:\/\/dkakord.cz\/hotel\/"},{"@type":"ListItem","position":2,"name":"Rezervace"}]},{"@type":"WebSite","@id":"https:\/\/dkakord.cz\/hotel\/#website","url":"https:\/\/dkakord.cz\/hotel\/","name":"Hotel Akord","description":"","potentialAction":[{"@type":"SearchAction","target":{"@type":"EntryPoint","urlTemplate":"https:\/\/dkakord.cz\/hotel\/?s={search_term_string}"},"query-input":{"@type":"PropertyValueSpecification","valueRequired":true,"valueName":"search_term_string"}}],"inLanguage":"cs"}]}},"_links":{"self":[{"href":"https:\/\/dkakord.cz\/hotel\/wp-json\/wp\/v2\/pages\/6","targetHints":{"allow":["GET"]}}],"collection":[{"href":"https:\/\/dkakord.cz\/hotel\/wp-json\/wp\/v2\/pages"}],"about":[{"href":"https:\/\/dkakord.cz\/hotel\/wp-json\/wp\/v2\/types\/page"}],"author":[{"embeddable":true,"href":"https:\/\/dkakord.cz\/hotel\/wp-json\/wp\/v2\/users\/2"}],"replies":[{"embeddable":true,"href":"https:\/\/dkakord.cz\/hotel\/wp-json\/wp\/v2\/comments?post=6"}],"version-history":[{"count":8,"href":"https:\/\/dkakord.cz\/hotel\/wp-json\/wp\/v2\/pages\/6\/revisions"}],"predecessor-version":[{"id":151,"href":"https:\/\/dkakord.cz\/hotel\/wp-json\/wp\/v2\/pages\/6\/revisions\/151"}],"wp:attachment":[{"href":"https:\/\/dkakord.cz\/hotel\/wp-json\/wp\/v2\/media?parent=6"}],"curies":[{"name":"wp","href":"https:\/\/api.w.org\/{rel}","templated":true}]}}