{"id":8,"date":"2023-04-21T21:03:14","date_gmt":"2023-04-21T19:03:14","guid":{"rendered":"https:\/\/dkakord.cz\/hotel\/?page_id=8"},"modified":"2026-01-19T09:57:14","modified_gmt":"2026-01-19T08:57:14","slug":"cenik","status":"publish","type":"page","link":"https:\/\/dkakord.cz\/hotel\/cenik\/","title":{"rendered":"Cen\u00edk"},"content":{"rendered":"<div class=\"wp-bootstrap-blocks-row row pb-5 align-items-center\">\n\t\n\n<div class=\"col-12 col-lg-4 col-xxl-5  pb-4 mb-5 position-relative\">\n\t\t\t\n\n<figure class=\"wp-block-image size-large with-yellow-box position-relative d-inline-block\"><img loading=\"lazy\" decoding=\"async\" width=\"1024\" height=\"1024\" src=\"https:\/\/dkakord.cz\/hotel\/wp-content\/uploads\/2023\/09\/DSC02477-scaled-e1694160214788-1024x1024.jpg\" alt=\"\" class=\"wp-image-307\" srcset=\"https:\/\/dkakord.cz\/hotel\/wp-content\/uploads\/2023\/09\/DSC02477-scaled-e1694160214788-1024x1024.jpg 1024w, https:\/\/dkakord.cz\/hotel\/wp-content\/uploads\/2023\/09\/DSC02477-scaled-e1694160214788-300x300.jpg 300w, https:\/\/dkakord.cz\/hotel\/wp-content\/uploads\/2023\/09\/DSC02477-scaled-e1694160214788-150x150.jpg 150w, https:\/\/dkakord.cz\/hotel\/wp-content\/uploads\/2023\/09\/DSC02477-scaled-e1694160214788-768x768.jpg 768w, https:\/\/dkakord.cz\/hotel\/wp-content\/uploads\/2023\/09\/DSC02477-scaled-e1694160214788-380x380.jpg 380w, https:\/\/dkakord.cz\/hotel\/wp-content\/uploads\/2023\/09\/DSC02477-scaled-e1694160214788-550x550.jpg 550w, https:\/\/dkakord.cz\/hotel\/wp-content\/uploads\/2023\/09\/DSC02477-scaled-e1694160214788-693x693.jpg 693w, https:\/\/dkakord.cz\/hotel\/wp-content\/uploads\/2023\/09\/DSC02477-scaled-e1694160214788.jpg 1518w\" sizes=\"auto, (max-width: 1024px) 100vw, 1024px\" \/><\/figure>\n\n\t<\/div>\n\n\n\n<div class=\"col-12 col-lg-7 offset-0 offset-lg-1 offset-xxl-0 ps-xxl-5\">\n\t\t\t\n\n<div class=\"wp-block-group ms-xxl-4 ps-xxl-4\"><div class=\"wp-block-group__inner-container is-layout-flow wp-block-group-is-layout-flow\">\n<h1 class=\"wp-block-heading mt-0 mt-xxl-5 pt-xxl-4\">Cen\u00edk ubytov\u00e1n\u00ed<\/h1>\n\n\n\n<p>V cen\u011b ubytov\u00e1n\u00ed je zahrnuta sn\u00eddan\u011b (po-p\u00e1 od 7 do 10 hod, v\u00edkend od 8 do 10 hod), internet a poplatky. Rezervace na telefonu 596 762 511, e-mail: info@dk-akord.cz.&nbsp;<\/p>\n\n\n\n<p>V p\u0159\u00edpad\u011b, \u017ee p\u0159ijedete jako rodina a chcete b\u00fdt s d\u011btmi na pokoji, lze tak u\u010dinit s d\u011btmi max. do v\u011bku 10 let bez n\u00e1roku na l\u016f\u017eko (+ budeme \u00fa\u010dtovat poplatek 300 K\u010d\/noc za d\u00edt\u011b od 3 do 10 let).&nbsp; Od 11 let mus\u00edte m\u00edt dal\u0161\u00ed pokoj.&nbsp;<\/p>\n<\/div><\/div>\n\n\t<\/div>\n\n<\/div>\n\n\n<div class=\"wp-bootstrap-blocks-row row gx-xl-5\">\n\t\n\n<div class=\"col-12 col-lg-6 mb-4\">\n\t\t\t\n\n<h2 class=\"wp-block-heading\">Cena za noc se sn\u00eddan\u00ed v\u010detn\u011b DPH v b\u011b\u017en\u00e9m obdob\u00ed:<\/h2>\n\n\n\n<ul class=\"wp-block-list\">\n<li>Jednol\u016f\u017ekov\u00fd pokoj 1 550 K\u010d<\/li>\n\n\n\n<li>Jednol\u016f\u017ekov\u00fd pokoj se spole\u010dnou koupelnou 1 450 K\u010d<\/li>\n\n\n\n<li>Jedna osoba ve dvoul\u016f\u017ekov\u00e9m pokoji 1 750 K\u010d<\/li>\n\n\n\n<li>Dvoul\u016f\u017ekov\u00fd pokoj s odd\u011blen\u00fdmi postelemi 1 990 K\u010d<\/li>\n\n\n\n<li>Dvoul\u016f\u017ekov\u00fd pokoj se spojen\u00fdmi postelemi 1 990 K\u010d<\/li>\n<\/ul>\n\n\t<\/div>\n\n\n\n<div class=\"col-12 col-lg-6 mb-4\">\n\t\t\t\n\n<h2 class=\"wp-block-heading\">Cena za noc v\u010detn\u011b DPH v ur\u010dit\u00fdch vyt\u00ed\u017een\u00fdch term\u00ednech:<\/h2>\n\n\n\n<ul class=\"wp-block-list\">\n<li>Jednol\u016f\u017ekov\u00fd pokoj&nbsp; 1 890 K\u010d<\/li>\n\n\n\n<li>Jednol\u016f\u017ekov\u00fd pokoj se spole\u010dnou koupelnou 1 790 K\u010d<\/li>\n\n\n\n<li>Jedna osoba ve dvoul\u016f\u017ekov\u00e9m pokoji 2 090 K\u010d<\/li>\n\n\n\n<li>Dvoul\u016f\u017ekov\u00fd pokoj s odd\u011blen\u00fdmi postelemi 2 490 K\u010d<\/li>\n\n\n\n<li>Dvoul\u016f\u017ekov\u00fd pokoj se spojen\u00fdmi postelemi 2 490 K\u010d<\/li>\n<\/ul>\n\n\t<\/div>\n\n<\/div>\n\n\n\n<h2 class=\"wp-block-heading\">Platba:<\/h2>\n\n\n\n<ul class=\"wp-block-list\">\n<li>v hotovosti (pouze K\u010d)<\/li>\n\n\n\n<li>kartou<\/li>\n<\/ul>\n\n\n\n<p><strong>Hotel Akord si vyhrazuje pr\u00e1vo na zm\u011bnu ceny za ubytov\u00e1n\u00ed.<\/strong> <br>Ceny jsou platn\u00e9 od 1. 1. 2026.<\/p>\n","protected":false},"excerpt":{"rendered":"<p>Platba: Hotel Akord si vyhrazuje pr\u00e1vo na zm\u011bnu ceny za ubytov\u00e1n\u00ed. Ceny jsou platn\u00e9 od 1. 1. 2026.<\/p>\n","protected":false},"author":2,"featured_media":0,"parent":0,"menu_order":0,"comment_status":"closed","ping_status":"closed","template":"","meta":{"inline_featured_image":false,"footnotes":""},"class_list":["post-8","page","type-page","status-publish","hentry"],"acf":[],"yoast_head":"<!-- This site is optimized with the Yoast SEO plugin v23.9 - https:\/\/yoast.com\/wordpress\/plugins\/seo\/ -->\n<title>Cen\u00edk - Hotel Akord<\/title>\n<meta name=\"robots\" content=\"index, follow, max-snippet:-1, max-image-preview:large, max-video-preview:-1\" \/>\n<link rel=\"canonical\" href=\"https:\/\/dkakord.cz\/hotel\/cenik\/\" \/>\n<meta property=\"og:locale\" content=\"cs_CZ\" \/>\n<meta property=\"og:type\" content=\"article\" \/>\n<meta property=\"og:title\" content=\"Cen\u00edk - Hotel Akord\" \/>\n<meta property=\"og:description\" content=\"Platba: Hotel Akord si vyhrazuje pr\u00e1vo na zm\u011bnu ceny za ubytov\u00e1n\u00ed. Ceny jsou platn\u00e9 od 1. 1. 2026.\" \/>\n<meta property=\"og:url\" content=\"https:\/\/dkakord.cz\/hotel\/cenik\/\" \/>\n<meta property=\"og:site_name\" content=\"Hotel Akord\" \/>\n<meta property=\"article:modified_time\" content=\"2026-01-19T08:57:14+00:00\" \/>\n<meta property=\"og:image\" content=\"https:\/\/dkakord.cz\/hotel\/wp-content\/uploads\/2023\/09\/DSC02477-scaled-e1694160214788.jpg\" \/>\n\t<meta property=\"og:image:width\" content=\"1518\" \/>\n\t<meta property=\"og:image:height\" content=\"1518\" \/>\n\t<meta property=\"og:image:type\" content=\"image\/jpeg\" \/>\n<meta name=\"twitter:card\" content=\"summary_large_image\" \/>\n<meta name=\"twitter:label1\" content=\"Odhadovan\u00e1 doba \u010dten\u00ed\" \/>\n\t<meta name=\"twitter:data1\" content=\"2 minuty\" \/>\n<script type=\"application\/ld+json\" class=\"yoast-schema-graph\">{\"@context\":\"https:\/\/schema.org\",\"@graph\":[{\"@type\":\"WebPage\",\"@id\":\"https:\/\/dkakord.cz\/hotel\/cenik\/\",\"url\":\"https:\/\/dkakord.cz\/hotel\/cenik\/\",\"name\":\"Cen\u00edk - Hotel Akord\",\"isPartOf\":{\"@id\":\"https:\/\/dkakord.cz\/hotel\/#website\"},\"primaryImageOfPage\":{\"@id\":\"https:\/\/dkakord.cz\/hotel\/cenik\/#primaryimage\"},\"image\":{\"@id\":\"https:\/\/dkakord.cz\/hotel\/cenik\/#primaryimage\"},\"thumbnailUrl\":\"https:\/\/dkakord.cz\/hotel\/wp-content\/uploads\/2023\/09\/DSC02477-scaled-e1694160214788-1024x1024.jpg\",\"datePublished\":\"2023-04-21T19:03:14+00:00\",\"dateModified\":\"2026-01-19T08:57:14+00:00\",\"breadcrumb\":{\"@id\":\"https:\/\/dkakord.cz\/hotel\/cenik\/#breadcrumb\"},\"inLanguage\":\"cs\",\"potentialAction\":[{\"@type\":\"ReadAction\",\"target\":[\"https:\/\/dkakord.cz\/hotel\/cenik\/\"]}]},{\"@type\":\"ImageObject\",\"inLanguage\":\"cs\",\"@id\":\"https:\/\/dkakord.cz\/hotel\/cenik\/#primaryimage\",\"url\":\"https:\/\/dkakord.cz\/hotel\/wp-content\/uploads\/2023\/09\/DSC02477-scaled-e1694160214788.jpg\",\"contentUrl\":\"https:\/\/dkakord.cz\/hotel\/wp-content\/uploads\/2023\/09\/DSC02477-scaled-e1694160214788.jpg\",\"width\":1518,\"height\":1518},{\"@type\":\"BreadcrumbList\",\"@id\":\"https:\/\/dkakord.cz\/hotel\/cenik\/#breadcrumb\",\"itemListElement\":[{\"@type\":\"ListItem\",\"position\":1,\"name\":\"Dom\u016f\",\"item\":\"https:\/\/dkakord.cz\/hotel\/\"},{\"@type\":\"ListItem\",\"position\":2,\"name\":\"Cen\u00edk\"}]},{\"@type\":\"WebSite\",\"@id\":\"https:\/\/dkakord.cz\/hotel\/#website\",\"url\":\"https:\/\/dkakord.cz\/hotel\/\",\"name\":\"Hotel Akord\",\"description\":\"\",\"potentialAction\":[{\"@type\":\"SearchAction\",\"target\":{\"@type\":\"EntryPoint\",\"urlTemplate\":\"https:\/\/dkakord.cz\/hotel\/?s={search_term_string}\"},\"query-input\":{\"@type\":\"PropertyValueSpecification\",\"valueRequired\":true,\"valueName\":\"search_term_string\"}}],\"inLanguage\":\"cs\"}]}<\/script>\n<!-- \/ Yoast SEO plugin. -->","yoast_head_json":{"title":"Cen\u00edk - Hotel Akord","robots":{"index":"index","follow":"follow","max-snippet":"max-snippet:-1","max-image-preview":"max-image-preview:large","max-video-preview":"max-video-preview:-1"},"canonical":"https:\/\/dkakord.cz\/hotel\/cenik\/","og_locale":"cs_CZ","og_type":"article","og_title":"Cen\u00edk - Hotel Akord","og_description":"Platba: Hotel Akord si vyhrazuje pr\u00e1vo na zm\u011bnu ceny za ubytov\u00e1n\u00ed. Ceny jsou platn\u00e9 od 1. 1. 2026.","og_url":"https:\/\/dkakord.cz\/hotel\/cenik\/","og_site_name":"Hotel Akord","article_modified_time":"2026-01-19T08:57:14+00:00","og_image":[{"width":1518,"height":1518,"url":"https:\/\/dkakord.cz\/hotel\/wp-content\/uploads\/2023\/09\/DSC02477-scaled-e1694160214788.jpg","type":"image\/jpeg"}],"twitter_card":"summary_large_image","twitter_misc":{"Odhadovan\u00e1 doba \u010dten\u00ed":"2 minuty"},"schema":{"@context":"https:\/\/schema.org","@graph":[{"@type":"WebPage","@id":"https:\/\/dkakord.cz\/hotel\/cenik\/","url":"https:\/\/dkakord.cz\/hotel\/cenik\/","name":"Cen\u00edk - Hotel Akord","isPartOf":{"@id":"https:\/\/dkakord.cz\/hotel\/#website"},"primaryImageOfPage":{"@id":"https:\/\/dkakord.cz\/hotel\/cenik\/#primaryimage"},"image":{"@id":"https:\/\/dkakord.cz\/hotel\/cenik\/#primaryimage"},"thumbnailUrl":"https:\/\/dkakord.cz\/hotel\/wp-content\/uploads\/2023\/09\/DSC02477-scaled-e1694160214788-1024x1024.jpg","datePublished":"2023-04-21T19:03:14+00:00","dateModified":"2026-01-19T08:57:14+00:00","breadcrumb":{"@id":"https:\/\/dkakord.cz\/hotel\/cenik\/#breadcrumb"},"inLanguage":"cs","potentialAction":[{"@type":"ReadAction","target":["https:\/\/dkakord.cz\/hotel\/cenik\/"]}]},{"@type":"ImageObject","inLanguage":"cs","@id":"https:\/\/dkakord.cz\/hotel\/cenik\/#primaryimage","url":"https:\/\/dkakord.cz\/hotel\/wp-content\/uploads\/2023\/09\/DSC02477-scaled-e1694160214788.jpg","contentUrl":"https:\/\/dkakord.cz\/hotel\/wp-content\/uploads\/2023\/09\/DSC02477-scaled-e1694160214788.jpg","width":1518,"height":1518},{"@type":"BreadcrumbList","@id":"https:\/\/dkakord.cz\/hotel\/cenik\/#breadcrumb","itemListElement":[{"@type":"ListItem","position":1,"name":"Dom\u016f","item":"https:\/\/dkakord.cz\/hotel\/"},{"@type":"ListItem","position":2,"name":"Cen\u00edk"}]},{"@type":"WebSite","@id":"https:\/\/dkakord.cz\/hotel\/#website","url":"https:\/\/dkakord.cz\/hotel\/","name":"Hotel Akord","description":"","potentialAction":[{"@type":"SearchAction","target":{"@type":"EntryPoint","urlTemplate":"https:\/\/dkakord.cz\/hotel\/?s={search_term_string}"},"query-input":{"@type":"PropertyValueSpecification","valueRequired":true,"valueName":"search_term_string"}}],"inLanguage":"cs"}]}},"_links":{"self":[{"href":"https:\/\/dkakord.cz\/hotel\/wp-json\/wp\/v2\/pages\/8","targetHints":{"allow":["GET"]}}],"collection":[{"href":"https:\/\/dkakord.cz\/hotel\/wp-json\/wp\/v2\/pages"}],"about":[{"href":"https:\/\/dkakord.cz\/hotel\/wp-json\/wp\/v2\/types\/page"}],"author":[{"embeddable":true,"href":"https:\/\/dkakord.cz\/hotel\/wp-json\/wp\/v2\/users\/2"}],"replies":[{"embeddable":true,"href":"https:\/\/dkakord.cz\/hotel\/wp-json\/wp\/v2\/comments?post=8"}],"version-history":[{"count":38,"href":"https:\/\/dkakord.cz\/hotel\/wp-json\/wp\/v2\/pages\/8\/revisions"}],"predecessor-version":[{"id":442,"href":"https:\/\/dkakord.cz\/hotel\/wp-json\/wp\/v2\/pages\/8\/revisions\/442"}],"wp:attachment":[{"href":"https:\/\/dkakord.cz\/hotel\/wp-json\/wp\/v2\/media?parent=8"}],"curies":[{"name":"wp","href":"https:\/\/api.w.org\/{rel}","templated":true}]}}